{"id":36182,"date":"2023-06-15T15:47:58","date_gmt":"2023-06-15T19:47:58","guid":{"rendered":"https:\/\/dev.kitmanlabs.com\/contactenos\/"},"modified":"2025-03-19T13:26:16","modified_gmt":"2025-03-19T17:26:16","slug":"contact-us","status":"publish","type":"page","link":"https:\/\/www.kitmanlabs.com\/es\/contact-us\/","title":{"rendered":"Cont\u00e1ctenos"},"content":{"rendered":"\t\t<div data-elementor-type=\"wp-page\" data-elementor-id=\"36182\" class=\"elementor elementor-36182 elementor-27729\" data-elementor-post-type=\"page\">\n\t\t\t\t\t\t<section class=\"elementor-section elementor-top-section elementor-element elementor-element-273ee6c elementor-section-boxed elementor-section-height-default elementor-section-height-default\" data-id=\"273ee6c\" data-element_type=\"section\" data-e-type=\"section\" data-settings=\"{&quot;background_background&quot;:&quot;classic&quot;}\">\n\t\t\t\t\t\t<div class=\"elementor-container elementor-column-gap-no\">\n\t\t\t\t\t<div class=\"elementor-column elementor-col-100 elementor-top-column elementor-element elementor-element-5ab3ef8 right-box reachout-box\" data-id=\"5ab3ef8\" data-element_type=\"column\" data-e-type=\"column\" data-settings=\"{&quot;background_background&quot;:&quot;classic&quot;}\">\n\t\t\t<div class=\"elementor-widget-wrap elementor-element-populated\">\n\t\t\t\t\t\t<section class=\"elementor-section elementor-inner-section elementor-element elementor-element-9c3161c elementor-section-boxed elementor-section-height-default elementor-section-height-default\" data-id=\"9c3161c\" data-element_type=\"section\" data-e-type=\"section\">\n\t\t\t\t\t\t<div class=\"elementor-container elementor-column-gap-default\">\n\t\t\t\t\t<div class=\"elementor-column elementor-col-50 elementor-inner-column elementor-element elementor-element-a44ffac\" data-id=\"a44ffac\" data-element_type=\"column\" data-e-type=\"column\">\n\t\t\t<div class=\"elementor-widget-wrap elementor-element-populated\">\n\t\t\t\t\t\t<div class=\"elementor-element elementor-element-59e5368 font-secondary h-size-4 elementor-widget elementor-widget-heading\" data-id=\"59e5368\" data-element_type=\"widget\" data-e-type=\"widget\" data-widget_type=\"heading.default\">\n\t\t\t\t<div class=\"elementor-widget-container\">\n\t\t\t\t\t<h2 class=\"elementor-heading-title elementor-size-default\"><span class=\"font-primary\">Ll\u00e1menos para<\/span> descubrir c\u00f3mo puede ayudarle Kitman Labs.<\/h2>\t\t\t\t<\/div>\n\t\t\t\t<\/div>\n\t\t\t\t\t<\/div>\n\t\t<\/div>\n\t\t\t\t<div class=\"elementor-column elementor-col-50 elementor-inner-column elementor-element elementor-element-0894b6f\" data-id=\"0894b6f\" data-element_type=\"column\" data-e-type=\"column\">\n\t\t\t<div class=\"elementor-widget-wrap elementor-element-populated\">\n\t\t\t\t\t\t<div class=\"elementor-element elementor-element-5d649c6 elementor-widget elementor-widget-text-editor\" data-id=\"5d649c6\" data-element_type=\"widget\" data-e-type=\"widget\" data-widget_type=\"text-editor.default\">\n\t\t\t\t<div class=\"elementor-widget-container\">\n\t\t\t\t\t\t\t\t\t<p>Para obtener asistencia al cliente, env\u00ede un correo electr\u00f3nico a <a href=\"mailto:support@kitmanlabs.com\"><strong>support@kitmanlabs.com<\/strong>.<\/a> \u00bfIntenta iniciar sesi\u00f3n? <a href=\"\/es\/plataforma\/entrar-kitman-labs\/\">Haga clic aqu\u00ed<\/a> para obtener ayuda.<\/p>\t\t\t\t\t\t\t\t<\/div>\n\t\t\t\t<\/div>\n\t\t\t\t\t<\/div>\n\t\t<\/div>\n\t\t\t\t\t<\/div>\n\t\t<\/section>\n\t\t\t\t<div class=\"elementor-element elementor-element-ba20b65 contact-form-flex elementor-widget elementor-widget-template\" data-id=\"ba20b65\" data-element_type=\"widget\" data-e-type=\"widget\" data-widget_type=\"template.default\">\n\t\t\t\t<div class=\"elementor-widget-container\">\n\t\t\t\t\t\t\t<div class=\"elementor-template\">\n\t\t\t\t\t<div data-elementor-type=\"section\" data-elementor-id=\"37208\" class=\"elementor elementor-37208 elementor-27468 elementor-27468\" data-elementor-post-type=\"elementor_library\">\n\t\t\t\t\t<section class=\"elementor-section elementor-top-section elementor-element elementor-element-2ffdcc7 elementor-section-boxed elementor-section-height-default elementor-section-height-default\" data-id=\"2ffdcc7\" data-element_type=\"section\" data-e-type=\"section\">\n\t\t\t\t\t\t<div class=\"elementor-container elementor-column-gap-default\">\n\t\t\t\t\t<div class=\"elementor-column elementor-col-100 elementor-top-column elementor-element elementor-element-8098fbf\" data-id=\"8098fbf\" data-element_type=\"column\" data-e-type=\"column\">\n\t\t\t<div class=\"elementor-widget-wrap elementor-element-populated\">\n\t\t\t\t\t\t<div class=\"elementor-element elementor-element-76cab18 elementor-widget elementor-widget-html\" data-id=\"76cab18\" data-element_type=\"widget\" data-e-type=\"widget\" data-widget_type=\"html.default\">\n\t\t\t\t<div class=\"elementor-widget-container\">\n\t\t\t\t\t<script src=\"\/\/go.kitmanlabs.com\/js\/forms2\/js\/forms2.min.js\"><\/script> <form id=\"mktoForm_1444\"><\/form> <script>MktoForms2.loadForm(\"\/\/go.kitmanlabs.com\", \"633-QEV-085\", 1444);<\/script>\t\t\t\t<\/div>\n\t\t\t\t<\/div>\n\t\t\t\t\t<\/div>\n\t\t<\/div>\n\t\t\t\t\t<\/div>\n\t\t<\/section>\n\t\t\t\t<\/div>\n\t\t\t\t<\/div>\n\t\t\t\t\t\t<\/div>\n\t\t\t\t<\/div>\n\t\t\t\t\t<\/div>\n\t\t<\/div>\n\t\t\t\t\t<\/div>\n\t\t<\/section>\n\t\t\t\t<section class=\"elementor-section elementor-top-section elementor-element elementor-element-187e8f4 elementor-section-boxed elementor-section-height-default elementor-section-height-default\" data-id=\"187e8f4\" data-element_type=\"section\" data-e-type=\"section\" data-settings=\"{&quot;background_background&quot;:&quot;classic&quot;}\">\n\t\t\t\t\t\t<div class=\"elementor-container elementor-column-gap-no\">\n\t\t\t\t\t<div class=\"elementor-column elementor-col-100 elementor-top-column elementor-element elementor-element-921b9d1\" data-id=\"921b9d1\" data-element_type=\"column\" data-e-type=\"column\">\n\t\t\t<div class=\"elementor-widget-wrap elementor-element-populated\">\n\t\t\t\t\t\t<div class=\"elementor-element elementor-element-9244e5e elementor-position-inline-end font-primary h-size-2 mb-all-0 big-icons elementor-mobile-position-inline-end elementor-view-default elementor-widget elementor-widget-icon-box\" data-id=\"9244e5e\" data-element_type=\"widget\" data-e-type=\"widget\" data-widget_type=\"icon-box.default\">\n\t\t\t\t<div class=\"elementor-widget-container\">\n\t\t\t\t\t\t\t<div class=\"elementor-icon-box-wrapper\">\n\n\t\t\t\t\t\t<div class=\"elementor-icon-box-icon\">\n\t\t\t\t<span  class=\"elementor-icon\">\n\t\t\t\t<svg xmlns=\"http:\/\/www.w3.org\/2000\/svg\" width=\"264\" height=\"21\" viewBox=\"0 0 264 21\" fill=\"none\"><path d=\"M240.96 2.24L240.96 9.2L248.44 9.2L248.44 11.2L240.96 11.2L240.96 18.16L239.12 18.16L239.12 11.2L231.52 11.2L231.52 9.2L239.12 9.2L239.12 2.24L240.96 2.24Z\" fill=\"#FF421D\"><\/path><path d=\"M167.96 2.24L167.96 9.2L175.44 9.2L175.44 11.2L167.96 11.2L167.96 18.16L166.12 18.16L166.12 11.2L158.52 11.2L158.52 9.2L166.12 9.2L166.12 2.24L167.96 2.24Z\" fill=\"#FF421D\"><\/path><path d=\"M94.96 2.24L94.96 9.2L102.44 9.2L102.44 11.2L94.96 11.2L94.96 18.16L93.12 18.16L93.12 11.2L85.52 11.2L85.52 9.2L93.12 9.2L93.12 2.24L94.96 2.24Z\" fill=\"#FF421D\"><\/path><path d=\"M21.96 2.24L21.96 9.2L29.44 9.2L29.44 11.2L21.96 11.2L21.96 18.16L20.12 18.16L20.12 11.2L12.52 11.2L12.52 9.2L20.12 9.2L20.12 2.24L21.96 2.24Z\" fill=\"#FF421D\"><\/path><\/svg>\t\t\t\t<\/span>\n\t\t\t<\/div>\n\t\t\t\n\t\t\t\t\t\t<div class=\"elementor-icon-box-content\">\n\n\t\t\t\t\t\t\t\t\t<h3 class=\"elementor-icon-box-title\">\n\t\t\t\t\t\t<span  >\n\t\t\t\t\t\t\tUBICACIONES\t\t\t\t\t\t<\/span>\n\t\t\t\t\t<\/h3>\n\t\t\t\t\n\t\t\t\t\n\t\t\t<\/div>\n\t\t\t\n\t\t<\/div>\n\t\t\t\t\t\t<\/div>\n\t\t\t\t<\/div>\n\t\t\t\t<div class=\"elementor-element elementor-element-56674c1 elementor-widget elementor-widget-text-editor\" data-id=\"56674c1\" data-element_type=\"widget\" data-e-type=\"widget\" data-widget_type=\"text-editor.default\">\n\t\t\t\t<div class=\"elementor-widget-container\">\n\t\t\t\t\t\t\t\t\t<h3 class=\"blue-highlight\">EE.\u00a0UU. &#8211; Menlo Park<\/h3><p><strong>Kitman Labs Inc<br \/><em style=\"font-family: var(--font-tertiary); font-weight: var(--bs-body-font-weight); text-align: var(--bs-body-text-align);\">405 El Camino Real #440<br \/><\/em><em style=\"font-family: var(--font-tertiary); font-weight: var(--bs-body-font-weight); text-align: var(--bs-body-text-align);\">Menlo Park, California 94025<\/em><\/strong><\/p>\t\t\t\t\t\t\t\t<\/div>\n\t\t\t\t<\/div>\n\t\t\t\t<div class=\"elementor-element elementor-element-de500a0 elementor-widget elementor-widget-text-editor\" data-id=\"de500a0\" data-element_type=\"widget\" data-e-type=\"widget\" data-widget_type=\"text-editor.default\">\n\t\t\t\t<div class=\"elementor-widget-container\">\n\t\t\t\t\t\t\t\t\t<h3 class=\"blue-highlight\">Irlanda &#8211; Dubl\u00edn<\/h3><p><strong>Kitman Labs<br \/><em style=\"font-family: var(--font-tertiary); font-weight: var(--bs-body-font-weight); text-align: var(--bs-body-text-align);\">Dogpatch Labs, Unit 1, The CHQ Building,<br \/>Custom House Quay,<br \/>Dublin 1, D01 Y6H7<\/em><br \/><\/strong><\/p>\t\t\t\t\t\t\t\t<\/div>\n\t\t\t\t<\/div>\n\t\t\t\t<div class=\"elementor-element elementor-element-0093fc5 elementor-widget elementor-widget-text-editor\" data-id=\"0093fc5\" data-element_type=\"widget\" data-e-type=\"widget\" data-widget_type=\"text-editor.default\">\n\t\t\t\t<div class=\"elementor-widget-container\">\n\t\t\t\t\t\t\t\t\t<h3 class=\"blue-highlight\">Reino Unido &#8211; Manchester<\/h3>\n<p><strong>Kitman Labs<br><em style=\"font-family: var(--font-tertiary); font-weight: var(--bs-body-font-weight); text-align: var(--bs-body-text-align);\">Department Bonded Warehouse<br><\/em><em style=\"font-family: var(--font-tertiary); font-weight: var(--bs-body-font-weight); text-align: var(--bs-body-text-align);\">18 Lower Byrom Street, Suite 5.09<br><\/em><em style=\"font-family: var(--font-tertiary); font-weight: var(--bs-body-font-weight); text-align: var(--bs-body-text-align);\">Manchester M3 4AP<\/em><\/strong><\/p>\t\t\t\t\t\t\t\t<\/div>\n\t\t\t\t<\/div>\n\t\t\t\t\t<\/div>\n\t\t<\/div>\n\t\t\t\t\t<\/div>\n\t\t<\/section>\n\t\t\t\t<section class=\"elementor-section elementor-top-section elementor-element elementor-element-1e9b29b elementor-section-height-min-height elementor-hidden-desktop elementor-hidden-laptop elementor-hidden-tablet elementor-hidden-mobile elementor-section-boxed elementor-section-height-default elementor-section-items-middle\" data-id=\"1e9b29b\" data-element_type=\"section\" data-e-type=\"section\" data-settings=\"{&quot;background_background&quot;:&quot;classic&quot;}\">\n\t\t\t\t\t\t<div class=\"elementor-container elementor-column-gap-default\">\n\t\t\t\t\t<div class=\"elementor-column elementor-col-100 elementor-top-column elementor-element elementor-element-7000704\" data-id=\"7000704\" data-element_type=\"column\" data-e-type=\"column\">\n\t\t\t<div class=\"elementor-widget-wrap\">\n\t\t\t\t\t\t\t<\/div>\n\t\t<\/div>\n\t\t\t\t\t<\/div>\n\t\t<\/section>\n\t\t\t\t<\/div>\n\t\t","protected":false},"excerpt":{"rendered":"<p>Ll\u00e1menos para descubrir c\u00f3mo puede ayudarle Kitman Labs. Para obtener asistencia al cliente, env\u00ede un correo electr\u00f3nico a support@kitmanlabs.com. \u00bfIntenta iniciar sesi\u00f3n? Haga clic aqu\u00ed para obtener ayuda. UBICACIONES EE.\u00a0UU. &#8211; Menlo Park Kitman Labs Inc405 El Camino Real #440Menlo Park, California 94025 Irlanda &#8211; Dubl\u00edn Kitman LabsDogpatch Labs, Unit 1, The CHQ Building,Custom House [&hellip;]<\/p>\n","protected":false},"author":3,"featured_media":0,"parent":0,"menu_order":0,"comment_status":"closed","ping_status":"closed","template":"","meta":{"_acf_changed":false,"_searchwp_excluded":"","footnotes":""},"class_list":["post-36182","page","type-page","status-publish","hentry"],"acf":[],"yoast_head":"<!-- This site is optimized with the Yoast SEO Premium plugin v27.4 (Yoast SEO v27.4) - https:\/\/yoast.com\/product\/yoast-seo-premium-wordpress\/ -->\n<title>Cont\u00e1ctenos - Kitman Labs<\/title>\n<meta name=\"description\" content=\"Descubra c\u00f3mo podemos ayudar a su equipo a cosechar \u00e9xitos.\" \/>\n<meta name=\"robots\" content=\"index, follow, max-snippet:-1, max-image-preview:large, max-video-preview:-1\" \/>\n<link rel=\"canonical\" href=\"https:\/\/www.kitmanlabs.com\/es\/contact-us\/\" \/>\n<meta property=\"og:locale\" content=\"es_ES\" \/>\n<meta property=\"og:type\" content=\"article\" \/>\n<meta property=\"og:title\" content=\"Cont\u00e1ctenos\" \/>\n<meta property=\"og:description\" content=\"Descubra c\u00f3mo podemos ayudar a su equipo a cosechar \u00e9xitos.\" \/>\n<meta property=\"og:url\" content=\"https:\/\/www.kitmanlabs.com\/es\/contact-us\/\" \/>\n<meta property=\"og:site_name\" content=\"Kitman Labs\" \/>\n<meta property=\"article:modified_time\" content=\"2025-03-19T17:26:16+00:00\" \/>\n<meta name=\"twitter:card\" content=\"summary_large_image\" \/>\n<meta name=\"twitter:label1\" content=\"Tiempo de lectura\" \/>\n\t<meta name=\"twitter:data1\" content=\"1 minuto\" \/>\n<script type=\"application\/ld+json\" class=\"yoast-schema-graph\">{\"@context\":\"https:\\\/\\\/schema.org\",\"@graph\":[{\"@type\":\"WebPage\",\"@id\":\"https:\\\/\\\/www.kitmanlabs.com\\\/es\\\/contact-us\\\/\",\"url\":\"https:\\\/\\\/www.kitmanlabs.com\\\/es\\\/contact-us\\\/\",\"name\":\"Cont\u00e1ctenos - Kitman Labs\",\"isPartOf\":{\"@id\":\"https:\\\/\\\/www.kitmanlabs.com\\\/es\\\/#website\"},\"datePublished\":\"2023-06-15T19:47:58+00:00\",\"dateModified\":\"2025-03-19T17:26:16+00:00\",\"description\":\"Descubra c\u00f3mo podemos ayudar a su equipo a cosechar \u00e9xitos.\",\"breadcrumb\":{\"@id\":\"https:\\\/\\\/www.kitmanlabs.com\\\/es\\\/contact-us\\\/#breadcrumb\"},\"inLanguage\":\"es\",\"potentialAction\":[{\"@type\":\"ReadAction\",\"target\":[\"https:\\\/\\\/www.kitmanlabs.com\\\/es\\\/contact-us\\\/\"]}]},{\"@type\":\"BreadcrumbList\",\"@id\":\"https:\\\/\\\/www.kitmanlabs.com\\\/es\\\/contact-us\\\/#breadcrumb\",\"itemListElement\":[{\"@type\":\"ListItem\",\"position\":1,\"name\":\"Home\",\"item\":\"https:\\\/\\\/www.kitmanlabs.com\\\/es\\\/inicio\\\/\"},{\"@type\":\"ListItem\",\"position\":2,\"name\":\"Cont\u00e1ctenos\"}]},{\"@type\":\"WebSite\",\"@id\":\"https:\\\/\\\/www.kitmanlabs.com\\\/es\\\/#website\",\"url\":\"https:\\\/\\\/www.kitmanlabs.com\\\/es\\\/\",\"name\":\"Kitman Labs\",\"description\":\"Unlock the Limits of Human Accomplishment\",\"publisher\":{\"@id\":\"https:\\\/\\\/www.kitmanlabs.com\\\/es\\\/#organization\"},\"potentialAction\":[{\"@type\":\"SearchAction\",\"target\":{\"@type\":\"EntryPoint\",\"urlTemplate\":\"https:\\\/\\\/www.kitmanlabs.com\\\/es\\\/?s={search_term_string}\"},\"query-input\":{\"@type\":\"PropertyValueSpecification\",\"valueRequired\":true,\"valueName\":\"search_term_string\"}}],\"inLanguage\":\"es\"},{\"@type\":\"Organization\",\"@id\":\"https:\\\/\\\/www.kitmanlabs.com\\\/es\\\/#organization\",\"name\":\"Kitman Labs\",\"url\":\"https:\\\/\\\/www.kitmanlabs.com\\\/es\\\/\",\"logo\":{\"@type\":\"ImageObject\",\"inLanguage\":\"es\",\"@id\":\"https:\\\/\\\/www.kitmanlabs.com\\\/es\\\/#\\\/schema\\\/logo\\\/image\\\/\",\"url\":\"https:\\\/\\\/www.kitmanlabs.com\\\/wp-content\\\/uploads\\\/2025\\\/11\\\/kitman-logo-rm.svg\",\"contentUrl\":\"https:\\\/\\\/www.kitmanlabs.com\\\/wp-content\\\/uploads\\\/2025\\\/11\\\/kitman-logo-rm.svg\",\"width\":266,\"height\":31,\"caption\":\"Kitman Labs\"},\"image\":{\"@id\":\"https:\\\/\\\/www.kitmanlabs.com\\\/es\\\/#\\\/schema\\\/logo\\\/image\\\/\"}}]}<\/script>\n<!-- \/ Yoast SEO Premium plugin. -->","yoast_head_json":{"title":"Cont\u00e1ctenos - Kitman Labs","description":"Descubra c\u00f3mo podemos ayudar a su equipo a cosechar \u00e9xitos.","robots":{"index":"index","follow":"follow","max-snippet":"max-snippet:-1","max-image-preview":"max-image-preview:large","max-video-preview":"max-video-preview:-1"},"canonical":"https:\/\/www.kitmanlabs.com\/es\/contact-us\/","og_locale":"es_ES","og_type":"article","og_title":"Cont\u00e1ctenos","og_description":"Descubra c\u00f3mo podemos ayudar a su equipo a cosechar \u00e9xitos.","og_url":"https:\/\/www.kitmanlabs.com\/es\/contact-us\/","og_site_name":"Kitman Labs","article_modified_time":"2025-03-19T17:26:16+00:00","twitter_card":"summary_large_image","twitter_misc":{"Tiempo de lectura":"1 minuto"},"schema":{"@context":"https:\/\/schema.org","@graph":[{"@type":"WebPage","@id":"https:\/\/www.kitmanlabs.com\/es\/contact-us\/","url":"https:\/\/www.kitmanlabs.com\/es\/contact-us\/","name":"Cont\u00e1ctenos - Kitman Labs","isPartOf":{"@id":"https:\/\/www.kitmanlabs.com\/es\/#website"},"datePublished":"2023-06-15T19:47:58+00:00","dateModified":"2025-03-19T17:26:16+00:00","description":"Descubra c\u00f3mo podemos ayudar a su equipo a cosechar \u00e9xitos.","breadcrumb":{"@id":"https:\/\/www.kitmanlabs.com\/es\/contact-us\/#breadcrumb"},"inLanguage":"es","potentialAction":[{"@type":"ReadAction","target":["https:\/\/www.kitmanlabs.com\/es\/contact-us\/"]}]},{"@type":"BreadcrumbList","@id":"https:\/\/www.kitmanlabs.com\/es\/contact-us\/#breadcrumb","itemListElement":[{"@type":"ListItem","position":1,"name":"Home","item":"https:\/\/www.kitmanlabs.com\/es\/inicio\/"},{"@type":"ListItem","position":2,"name":"Cont\u00e1ctenos"}]},{"@type":"WebSite","@id":"https:\/\/www.kitmanlabs.com\/es\/#website","url":"https:\/\/www.kitmanlabs.com\/es\/","name":"Kitman Labs","description":"Unlock the Limits of Human Accomplishment","publisher":{"@id":"https:\/\/www.kitmanlabs.com\/es\/#organization"},"potentialAction":[{"@type":"SearchAction","target":{"@type":"EntryPoint","urlTemplate":"https:\/\/www.kitmanlabs.com\/es\/?s={search_term_string}"},"query-input":{"@type":"PropertyValueSpecification","valueRequired":true,"valueName":"search_term_string"}}],"inLanguage":"es"},{"@type":"Organization","@id":"https:\/\/www.kitmanlabs.com\/es\/#organization","name":"Kitman Labs","url":"https:\/\/www.kitmanlabs.com\/es\/","logo":{"@type":"ImageObject","inLanguage":"es","@id":"https:\/\/www.kitmanlabs.com\/es\/#\/schema\/logo\/image\/","url":"https:\/\/www.kitmanlabs.com\/wp-content\/uploads\/2025\/11\/kitman-logo-rm.svg","contentUrl":"https:\/\/www.kitmanlabs.com\/wp-content\/uploads\/2025\/11\/kitman-logo-rm.svg","width":266,"height":31,"caption":"Kitman Labs"},"image":{"@id":"https:\/\/www.kitmanlabs.com\/es\/#\/schema\/logo\/image\/"}}]}},"_links":{"self":[{"href":"https:\/\/www.kitmanlabs.com\/es\/wp-json\/wp\/v2\/pages\/36182","targetHints":{"allow":["GET"]}}],"collection":[{"href":"https:\/\/www.kitmanlabs.com\/es\/wp-json\/wp\/v2\/pages"}],"about":[{"href":"https:\/\/www.kitmanlabs.com\/es\/wp-json\/wp\/v2\/types\/page"}],"author":[{"embeddable":true,"href":"https:\/\/www.kitmanlabs.com\/es\/wp-json\/wp\/v2\/users\/3"}],"replies":[{"embeddable":true,"href":"https:\/\/www.kitmanlabs.com\/es\/wp-json\/wp\/v2\/comments?post=36182"}],"version-history":[{"count":0,"href":"https:\/\/www.kitmanlabs.com\/es\/wp-json\/wp\/v2\/pages\/36182\/revisions"}],"wp:attachment":[{"href":"https:\/\/www.kitmanlabs.com\/es\/wp-json\/wp\/v2\/media?parent=36182"}],"curies":[{"name":"wp","href":"https:\/\/api.w.org\/{rel}","templated":true}]}}